{"id":1411,"date":"2020-12-07T16:23:48","date_gmt":"2020-12-07T15:23:48","guid":{"rendered":"https:\/\/www.gomezcruzado.com\/history-fine-rioja-wines-from-el-barrio-de-la-estacion\/"},"modified":"2023-05-30T09:28:12","modified_gmt":"2023-05-30T08:28:12","slug":"history-fine-rioja-wines-from-el-barrio-de-la-estacion","status":"publish","type":"page","link":"https:\/\/www.gomezcruzado.com\/en\/history-fine-rioja-wines-from-el-barrio-de-la-estacion\/","title":{"rendered":"History. Fine Rioja wines from el Barrio de la Estaci\u00f3n"},"content":{"rendered":"\n<h1>\n\t\tHistory\n\t<\/h1>\n<h2>\n\t\tA CENTURY-OLD HOUSE UNDER RENOVATION\n\t<\/h2>\n\t<p>The origins of Bodegas y Vi\u00f1edos G\u00d3MEZ CRUZADO date back to 1886, when \u00c1ngel G\u00f3mez de Arteche, decided to start making and bottling his own wine in Haro, in the heart of Rioja Alta. Thus, a century-old cellar was born which would go on to make history in Haro and Rioja during the late 19th century.<\/p>\n<h2>\n\t\tFAMILY BUSINESS\n\t<\/h2>\n\t<p>After its founding, G\u00d3MEZ CRUZADO was bought in 1916 by \u00c1ngel and Jes\u00fas G\u00f3mez Cruzado, both natives of Rioja, for whom today\u00b4s winery is named. There have been many investors over the years. At the beginning of the new millenium, the winery changed hands to the Ba\u00f1os family: the current owners, who hail from Badar\u00e1n and also have ties to Mexico, where they currently reside. Thus, the winery maintains its family-business style.<\/p>\n<h1>\n\t\tYOU MAY ALSO BE INTERESTED IN&#8230;\n\t<\/h1>\n\t\t\tBODEGA\n\t\t\t<p> DE RIOJA<\/p>\n<p>SELECCI\u00d3N DE LA UVA \u00b7 INSTALACIONES<\/p>\n\t\t\t\t\t\t<a href=\"https:\/\/www.gomezcruzado.com\/bodegas-de-rioja\/\" target=\"_self\" role=\"button\" rel=\"noopener\">\n\t\t\t\t\t\t\t<\/a>\n\t\t\tVI\u00d1EDOS\n\t\t\t<p> DE RIOJA<\/p>\n<p>VITICULTURA SOSTENIBLE \u00b7 TERRU\u00d1OS PRIVILEGIADOS<\/p>\n\t\t\t\t\t\t<a href=\"https:\/\/www.gomezcruzado.com\/vinedos-de-rioja\/\" target=\"_self\" role=\"button\" rel=\"noopener\">\n\t\t\t\t\t\t\t<\/a>\n\n","protected":false},"excerpt":{"rendered":"<p>History A CENTURY-OLD HOUSE UNDER RENOVATION The origins of Bodegas y Vi\u00f1edos G\u00d3MEZ CRUZADO date back to 1886, when \u00c1ngel G\u00f3mez de Arteche, decided to start making and bottling his own wine in Haro, in the heart of Rioja Alta. Thus, a century-old cellar was born which would go on to make history in Haro&hellip;<\/p>\n","protected":false},"author":1,"featured_media":0,"parent":0,"menu_order":20,"comment_status":"closed","ping_status":"closed","template":"","meta":{"_acf_changed":false,"footnotes":""},"class_list":["post-1411","page","type-page","status-publish","hentry"],"acf":[],"_links":{"self":[{"href":"https:\/\/www.gomezcruzado.com\/en\/wp-json\/wp\/v2\/pages\/1411","targetHints":{"allow":["GET"]}}],"collection":[{"href":"https:\/\/www.gomezcruzado.com\/en\/wp-json\/wp\/v2\/pages"}],"about":[{"href":"https:\/\/www.gomezcruzado.com\/en\/wp-json\/wp\/v2\/types\/page"}],"author":[{"embeddable":true,"href":"https:\/\/www.gomezcruzado.com\/en\/wp-json\/wp\/v2\/users\/1"}],"replies":[{"embeddable":true,"href":"https:\/\/www.gomezcruzado.com\/en\/wp-json\/wp\/v2\/comments?post=1411"}],"version-history":[{"count":4,"href":"https:\/\/www.gomezcruzado.com\/en\/wp-json\/wp\/v2\/pages\/1411\/revisions"}],"predecessor-version":[{"id":2230,"href":"https:\/\/www.gomezcruzado.com\/en\/wp-json\/wp\/v2\/pages\/1411\/revisions\/2230"}],"wp:attachment":[{"href":"https:\/\/www.gomezcruzado.com\/en\/wp-json\/wp\/v2\/media?parent=1411"}],"curies":[{"name":"wp","href":"https:\/\/api.w.org\/{rel}","templated":true}]}}