{"id":1419,"date":"2020-12-11T23:58:42","date_gmt":"2020-12-11T22:58:42","guid":{"rendered":"https:\/\/www.gomezcruzado.com\/wines\/"},"modified":"2023-02-15T06:50:29","modified_gmt":"2023-02-15T05:50:29","slug":"wines-gomez-cruzado-family","status":"publish","type":"page","link":"https:\/\/www.gomezcruzado.com\/en\/gomez-cruzado-family-and-terroir-selection-rioja-fine-wines\/wines-gomez-cruzado-family\/","title":{"rendered":"Wines. GO\u0301MEZ CRUZADO FAMILY"},"content":{"rendered":"\n\n\t<h2>GO\u0301MEZ CRUZADO<br \/>\nFAMILY<\/h2>\n<p>The primary collection of wines remains faithful to its heritage of the fine wine style of Haro&#8217;s Barrio de la Estaci\u00f3n, and is defined by its origin and the typicity of cold Rioja: balance, elegance, rich nuances and silkiness.<\/p>\n\t<meta itemscope itemprop=\"mainEntityOfPage\" itemtype=\"https:\/\/schema.org\/WebPage\" itemid=\"https:\/\/www.gomezcruzado.com\/en\/gomez-cruzado-family-and-terroir-selection-rioja-fine-wines\/wines-gomez-cruzado-family\/gomez-cruzado-blanco-rioja-wine\/\" content=\"G\u00f3mez Cruzado Blanco. Rioja wine\" \/><meta itemprop=\"datePublished\" content=\"2020-12-11\" \/><meta itemprop=\"dateModified\" content=\"2022-07-15\" \/><meta itemprop=\"name\" content=\"G\u00d3MEZ CRUZADO, Vinos Finos de Rioja\"\/><meta itemprop=\"url\" content=\"https:\/\/www.gomezcruzado.com\/en\/author\/gz9cont\/\" \/><meta itemprop=\"name\" content=\"G\u00d3MEZ CRUZADO\" \/><meta itemprop=\"url\" content=\"https:\/\/www.gomezcruzado.com\/wp-content\/uploads\/2020\/12\/Vino-Go\u0301mez-Cruzado-Blanco-2oan\u0303o.png\" \/><meta itemprop=\"width\" content=\"289\" \/><meta itemprop=\"height\" content=\"777\" \/><meta itemprop=\"interactionType\" content=\"https:\/\/schema.org\/CommentAction\" \/><meta itemprop=\"userInteractionCount\" content=\"0\" \/>\n    <a href=\"https:\/\/www.gomezcruzado.com\/en\/gomez-cruzado-family-and-terroir-selection-rioja-fine-wines\/wines-gomez-cruzado-family\/gomez-cruzado-blanco-rioja-wine\/\" target=\"_self\" itemprop=\"url\" rel=\"noopener\">\n    \t\t\t\t\t<img decoding=\"async\" src=\"https:\/\/www.gomezcruzado.com\/wp-content\/uploads\/2020\/12\/Vino-Go\u0301mez-Cruzado-Blanco-familia.png\" alt=\"G\u00f3mez Cruzado Blanco. Rioja wine\" itemprop=\"image\" data-no-lazy=\"1\" height=\"\"\n    \t\t\t\t\t\twidth=\"\" title=\"Acceder a la nota de cata de Blanco\" onerror=\"this.style.display='none'\"\/>\n                    Blanco\n    <\/a>\n\t<meta itemscope itemprop=\"mainEntityOfPage\" itemtype=\"https:\/\/schema.org\/WebPage\" itemid=\"https:\/\/www.gomezcruzado.com\/en\/gomez-cruzado-family-and-terroir-selection-rioja-fine-wines\/wines-gomez-cruzado-family\/vendimia-seleccionada-gomez-cruzado-rioja-wine\/\" content=\"Vendimia Seleccionada G\u00f3mez Cruzado, Rioja wine\" \/><meta itemprop=\"datePublished\" content=\"2020-12-12\" \/><meta itemprop=\"dateModified\" content=\"2022-01-25\" \/><meta itemprop=\"name\" content=\"G\u00d3MEZ CRUZADO, Vinos Finos de Rioja\"\/><meta itemprop=\"url\" content=\"https:\/\/www.gomezcruzado.com\/en\/author\/gz9cont\/\" \/><meta itemprop=\"name\" content=\"G\u00d3MEZ CRUZADO\" \/><meta itemprop=\"url\" content=\"https:\/\/www.gomezcruzado.com\/wp-content\/uploads\/2020\/12\/Vino-Go\u0301mez-Cruzado-Vendimia-Seleccionada.png\" \/><meta itemprop=\"width\" content=\"289\" \/><meta itemprop=\"height\" content=\"777\" \/><meta itemprop=\"interactionType\" content=\"https:\/\/schema.org\/CommentAction\" \/><meta itemprop=\"userInteractionCount\" content=\"0\" \/>\n    <a href=\"https:\/\/www.gomezcruzado.com\/en\/gomez-cruzado-family-and-terroir-selection-rioja-fine-wines\/wines-gomez-cruzado-family\/vendimia-seleccionada-gomez-cruzado-rioja-wine\/\" target=\"_self\" itemprop=\"url\" rel=\"noopener\">\n    \t\t\t\t\t<img decoding=\"async\" src=\"https:\/\/www.gomezcruzado.com\/wp-content\/uploads\/2020\/12\/Vino-Go\u0301mez-Cruzado-Vendimia-Seleccionada-familia-1.png\" alt=\"Vendimia Seleccionada G\u00f3mez Cruzado, Rioja wine\" itemprop=\"image\" data-no-lazy=\"1\" height=\"\"\n    \t\t\t\t\t\twidth=\"\" title=\"Acceder a la nota de cata de VENDIMIA SELECCIONADA\" onerror=\"this.style.display='none'\"\/>\n                    VENDIMIA SELECCIONADA\n    <\/a>\n\t<meta itemscope itemprop=\"mainEntityOfPage\" itemtype=\"https:\/\/schema.org\/WebPage\" itemid=\"https:\/\/www.gomezcruzado.com\/en\/gomez-cruzado-family-and-terroir-selection-rioja-fine-wines\/wines-gomez-cruzado-family\/crianza-gomez-cruzado-rioja-wine\/\" content=\"Crianza G\u00f3mez Cruzado, Rioja wine\" \/><meta itemprop=\"datePublished\" content=\"2020-12-12\" \/><meta itemprop=\"dateModified\" content=\"2022-07-15\" \/><meta itemprop=\"name\" content=\"G\u00d3MEZ CRUZADO, Vinos Finos de Rioja\"\/><meta itemprop=\"url\" content=\"https:\/\/www.gomezcruzado.com\/en\/author\/gz9cont\/\" \/><meta itemprop=\"name\" content=\"G\u00d3MEZ CRUZADO\" \/><meta itemprop=\"url\" content=\"https:\/\/www.gomezcruzado.com\/wp-content\/uploads\/2021\/01\/pruebatienda-crianza_.png\" \/><meta itemprop=\"width\" content=\"251\" \/><meta itemprop=\"height\" content=\"765\" \/><meta itemprop=\"interactionType\" content=\"https:\/\/schema.org\/CommentAction\" \/><meta itemprop=\"userInteractionCount\" content=\"0\" \/>\n    <a href=\"https:\/\/www.gomezcruzado.com\/en\/gomez-cruzado-family-and-terroir-selection-rioja-fine-wines\/wines-gomez-cruzado-family\/crianza-gomez-cruzado-rioja-wine\/\" target=\"_self\" itemprop=\"url\" rel=\"noopener\">\n    \t\t\t\t\t<img decoding=\"async\" src=\"https:\/\/www.gomezcruzado.com\/wp-content\/uploads\/2020\/12\/Vino-Go\u0301mez-Cruzado-Crianza-familia.png\" alt=\"Crianza G\u00f3mez Cruzado, Rioja wine\" itemprop=\"image\" data-no-lazy=\"1\" height=\"\"\n    \t\t\t\t\t\twidth=\"\" title=\"Acceder a la nota de cata de Crianza\" onerror=\"this.style.display='none'\"\/>\n                    Crianza\n    <\/a>\n\t<meta itemscope itemprop=\"mainEntityOfPage\" itemtype=\"https:\/\/schema.org\/WebPage\" itemid=\"https:\/\/www.gomezcruzado.com\/en\/gomez-cruzado-family-and-terroir-selection-rioja-fine-wines\/wines-gomez-cruzado-family\/reserva-gomez-cruzado-rioja-wine\/\" content=\"Reserva Gomez Cruzado, Rioja wine\" \/><meta itemprop=\"datePublished\" content=\"2020-12-12\" \/><meta itemprop=\"dateModified\" content=\"2021-09-23\" \/><meta itemprop=\"name\" content=\"G\u00d3MEZ CRUZADO, Vinos Finos de Rioja\"\/><meta itemprop=\"url\" content=\"https:\/\/www.gomezcruzado.com\/en\/author\/gz9cont\/\" \/><meta itemprop=\"name\" content=\"G\u00d3MEZ CRUZADO\" \/><meta itemprop=\"url\" content=\"https:\/\/www.gomezcruzado.com\/wp-content\/uploads\/2020\/12\/Vino-Go\u0301mez-Cruzado-Reserva-familia.png\" \/><meta itemprop=\"width\" content=\"251\" \/><meta itemprop=\"height\" content=\"765\" \/><meta itemprop=\"interactionType\" content=\"https:\/\/schema.org\/CommentAction\" \/><meta itemprop=\"userInteractionCount\" content=\"0\" \/>\n    <a href=\"https:\/\/www.gomezcruzado.com\/en\/gomez-cruzado-family-and-terroir-selection-rioja-fine-wines\/wines-gomez-cruzado-family\/reserva-gomez-cruzado-rioja-wine\/\" target=\"_self\" itemprop=\"url\" rel=\"noopener\">\n    \t\t\t\t\t<img decoding=\"async\" src=\"https:\/\/www.gomezcruzado.com\/wp-content\/uploads\/2020\/12\/Vino-Go\u0301mez-Cruzado-Reserva-familia.png\" alt=\"Reserva Gomez Cruzado, Rioja wine\" itemprop=\"image\" data-no-lazy=\"1\" height=\"\"\n    \t\t\t\t\t\twidth=\"\" title=\"Acceder a la nota de cata de Reserva\" onerror=\"this.style.display='none'\"\/>\n                    Reserva\n    <\/a>\n\t<meta itemscope itemprop=\"mainEntityOfPage\" itemtype=\"https:\/\/schema.org\/WebPage\" itemid=\"https:\/\/www.gomezcruzado.com\/en\/gomez-cruzado-family-and-terroir-selection-rioja-fine-wines\/wines-gomez-cruzado-family\/vino-vina-dorana-gomez-cruzado-rioja\/\" content=\"Vi\u00f1a Dorana G\u00f3mez Cruzado, Rioja Wine\" \/><meta itemprop=\"datePublished\" content=\"2022-10-26\" \/><meta itemprop=\"dateModified\" content=\"2023-02-15\" \/><meta itemprop=\"name\" content=\"G\u00d3MEZ CRUZADO, Vinos Finos de Rioja\"\/><meta itemprop=\"url\" content=\"https:\/\/www.gomezcruzado.com\/en\/author\/gz9cont\/\" \/><meta itemprop=\"name\" content=\"G\u00d3MEZ CRUZADO\" \/><meta itemprop=\"url\" content=\"https:\/\/www.gomezcruzado.com\/wp-content\/uploads\/2022\/10\/Vino-Vin\u0303a_Dorana-de-Go\u0301mez-Cruzado-familia-1.png\" \/><meta itemprop=\"width\" content=\"289\" \/><meta itemprop=\"height\" content=\"777\" \/><meta itemprop=\"interactionType\" content=\"https:\/\/schema.org\/CommentAction\" \/><meta itemprop=\"userInteractionCount\" content=\"0\" \/>\n    <a href=\"https:\/\/www.gomezcruzado.com\/en\/gomez-cruzado-family-and-terroir-selection-rioja-fine-wines\/wines-gomez-cruzado-family\/vino-vina-dorana-gomez-cruzado-rioja\/\" target=\"_self\" itemprop=\"url\" rel=\"noopener\">\n    \t\t\t\t\t<img decoding=\"async\" src=\"https:\/\/www.gomezcruzado.com\/wp-content\/uploads\/2022\/10\/Vino-Vin\u0303a_Dorana-de-Go\u0301mez-Cruzado-familia.png\" alt=\"Vi\u00f1a Dorana G\u00f3mez Cruzado, Rioja Wine\" itemprop=\"image\" data-no-lazy=\"1\" height=\"\"\n    \t\t\t\t\t\twidth=\"\" title=\"Acceder a la nota de cata de VI\u00d1A DORANA\" onerror=\"this.style.display='none'\"\/>\n                    VI\u00d1A DORANA\n    <\/a>\n\t<meta itemscope itemprop=\"mainEntityOfPage\" itemtype=\"https:\/\/schema.org\/WebPage\" itemid=\"https:\/\/www.gomezcruzado.com\/en\/gomez-cruzado-family-and-terroir-selection-rioja-fine-wines\/wines-gomez-cruzado-family\/honorable-gomez-cruzado-rioja-wine\/\" content=\"HONORABLE G\u00f3mez Cruzado, Rioja wine\" \/><meta itemprop=\"datePublished\" content=\"2020-12-12\" \/><meta itemprop=\"dateModified\" content=\"2022-05-11\" \/><meta itemprop=\"name\" content=\"G\u00d3MEZ CRUZADO, Vinos Finos de Rioja\"\/><meta itemprop=\"url\" content=\"https:\/\/www.gomezcruzado.com\/en\/author\/gz9cont\/\" \/><meta itemprop=\"name\" content=\"G\u00d3MEZ CRUZADO\" \/><meta itemprop=\"url\" content=\"https:\/\/www.gomezcruzado.com\/wp-content\/uploads\/2020\/12\/Vino-Go\u0301mez-Cruzado-Honorable-familia.png\" \/><meta itemprop=\"width\" content=\"251\" \/><meta itemprop=\"height\" content=\"765\" \/><meta itemprop=\"interactionType\" content=\"https:\/\/schema.org\/CommentAction\" \/><meta itemprop=\"userInteractionCount\" content=\"0\" \/>\n    <a href=\"https:\/\/www.gomezcruzado.com\/en\/gomez-cruzado-family-and-terroir-selection-rioja-fine-wines\/wines-gomez-cruzado-family\/honorable-gomez-cruzado-rioja-wine\/\" target=\"_self\" itemprop=\"url\" rel=\"noopener\">\n    \t\t\t\t\t<img decoding=\"async\" src=\"https:\/\/www.gomezcruzado.com\/wp-content\/uploads\/2020\/12\/Vino-Go\u0301mez-Cruzado-Honorable-familia.png\" alt=\"HONORABLE G\u00f3mez Cruzado, Rioja wine\" itemprop=\"image\" data-no-lazy=\"1\" height=\"\"\n    \t\t\t\t\t\twidth=\"\" title=\"Acceder a la nota de cata de HONORABLE\" onerror=\"this.style.display='none'\"\/>\n                    HONORABLE\n    <\/a>\n\t<meta itemscope itemprop=\"mainEntityOfPage\" itemtype=\"https:\/\/schema.org\/WebPage\" itemid=\"https:\/\/www.gomezcruzado.com\/en\/gomez-cruzado-family-and-terroir-selection-rioja-fine-wines\/wines-gomez-cruzado-family\/el-predilecto-gomez-cruzado-rioja-wine\/\" content=\"El Predilecto G\u00f3mez Cruzado, Rioja Wine\" \/><meta itemprop=\"datePublished\" content=\"2022-10-26\" \/><meta itemprop=\"dateModified\" content=\"2023-02-15\" \/><meta itemprop=\"name\" content=\"G\u00d3MEZ CRUZADO, Vinos Finos de Rioja\"\/><meta itemprop=\"url\" content=\"https:\/\/www.gomezcruzado.com\/en\/author\/gz9cont\/\" \/><meta itemprop=\"name\" content=\"G\u00d3MEZ CRUZADO\" \/><meta itemprop=\"url\" content=\"https:\/\/www.gomezcruzado.com\/wp-content\/uploads\/2022\/10\/Vino-Go\u0301mez-Cruzado-El_Predilecto.png\" \/><meta itemprop=\"width\" content=\"289\" \/><meta itemprop=\"height\" content=\"777\" \/><meta itemprop=\"interactionType\" content=\"https:\/\/schema.org\/CommentAction\" \/><meta itemprop=\"userInteractionCount\" content=\"0\" \/>\n    <a href=\"https:\/\/www.gomezcruzado.com\/en\/gomez-cruzado-family-and-terroir-selection-rioja-fine-wines\/wines-gomez-cruzado-family\/el-predilecto-gomez-cruzado-rioja-wine\/\" target=\"_self\" itemprop=\"url\" rel=\"noopener\">\n    \t\t\t\t\t<img decoding=\"async\" src=\"https:\/\/www.gomezcruzado.com\/wp-content\/uploads\/2022\/10\/Vino-El_Predilecto-de-Go\u0301mez-Cruzado-familia.png\" alt=\"El Predilecto G\u00f3mez Cruzado, Rioja Wine\" itemprop=\"image\" data-no-lazy=\"1\" height=\"\"\n    \t\t\t\t\t\twidth=\"\" title=\"Acceder a la nota de cata de EL PREDILECTO\" onerror=\"this.style.display='none'\"\/>\n                    EL PREDILECTO\n    <\/a>\n\t<meta itemscope itemprop=\"mainEntityOfPage\" itemtype=\"https:\/\/schema.org\/WebPage\" itemid=\"https:\/\/www.gomezcruzado.com\/en\/gomez-cruzado-family-and-terroir-selection-rioja-fine-wines\/wines-gomez-cruzado-family\/vina-motulleri-gran-reserva-gomez-cruzado-rioja-wine\/\" content=\"Vi\u00f1a MOT\u00daLLERI Gran Reserva, G\u00f3mez Cruzado, Rioja wine\" \/><meta itemprop=\"datePublished\" content=\"2020-12-12\" \/><meta itemprop=\"dateModified\" content=\"2021-09-23\" \/><meta itemprop=\"name\" content=\"G\u00d3MEZ CRUZADO, Vinos Finos de Rioja\"\/><meta itemprop=\"url\" content=\"https:\/\/www.gomezcruzado.com\/en\/author\/gz9cont\/\" \/><meta itemprop=\"name\" content=\"G\u00d3MEZ CRUZADO\" \/><meta itemprop=\"url\" content=\"https:\/\/www.gomezcruzado.com\/wp-content\/uploads\/2021\/03\/Vino-Vin\u0303a-MOTU\u0301LLERI-Gran-Reserva-2011-de-GO\u0301MEZ_CRUZADO.png\" \/><meta itemprop=\"width\" content=\"289\" \/><meta itemprop=\"height\" content=\"777\" \/><meta itemprop=\"interactionType\" content=\"https:\/\/schema.org\/CommentAction\" \/><meta itemprop=\"userInteractionCount\" content=\"0\" \/>\n    <a href=\"https:\/\/www.gomezcruzado.com\/en\/gomez-cruzado-family-and-terroir-selection-rioja-fine-wines\/wines-gomez-cruzado-family\/vina-motulleri-gran-reserva-gomez-cruzado-rioja-wine\/\" target=\"_self\" itemprop=\"url\" rel=\"noopener\">\n    \t\t\t\t\t<img decoding=\"async\" src=\"https:\/\/www.gomezcruzado.com\/wp-content\/uploads\/2021\/01\/Vino-Go\u0301mez-Cruzado-Vina_Motulleri-Magnum-familia.jpg\" alt=\"Vi\u00f1a MOT\u00daLLERI Gran Reserva, G\u00f3mez Cruzado, Rioja wine\" itemprop=\"image\" data-no-lazy=\"1\" height=\"\"\n    \t\t\t\t\t\twidth=\"\" title=\"Acceder a la nota de cata de Vi\u00f1a MOT\u00daLLERI Gran Reserva\" onerror=\"this.style.display='none'\"\/>\n                    Vi\u00f1a MOT\u00daLLERI Gran Reserva\n    <\/a>\n\t\t<!-- .pp-content-posts -->\n<h2>\n\t\t THE SPIRIT OF HARO&#8217;S FINE WINES\n\t<\/h2>\n\t<p>The primary collection of wines remains faithful to its heritage of the fine wine style of Haro&#8217;s Barrio de la Estaci\u00f3n, and is defined by its origin and the typicity of cold Rioja: balance, elegance, rich nuances and silkiness. This group of wines is created through classic Rioja winemaking in terms of ageing periods, traditional procedures, and extended periods of refining at the winery.<\/p>\n<p>The result is six fine wines that reinterpret the classics:<\/p>\n\t\t\t<h3> 2\u00ba A\u00d1O<\/h3><p>G\u00d3MEZ CRUZADO BLANCO 2\u00ba A\u00d1O<br \/>VENDIMIA SELECCIONADA<\/p>  \t\t\n\t\t\t<h3> 3\u00ba A\u00d1O<\/h3><p>G\u00d3MEZ CRUZADO Crianza<\/p>  \t\t\n\t\t\t<h3> 5\u00ba A\u00d1O<\/h3><p>G\u00d3MEZ CRUZADO Reserva<\/p>  \t\t\n\t\t\t<h3> WINES OF SPECIAL VINTAGES<\/h3><p>G\u00d3MEZ CRUZADO &#8216;Honorable&#8217;<br \/>G\u00d3MEZ CRUZADO Gran Reserva<\/p>  \t\t\n\t<h1>\n\t\tYOU MAY ALSO BE INTERESTED IN&#8230;\n\t<\/h1>\n\t\t\t<p>RIOJA<\/p>\nWINE TOURISM\n<p>EXPERIENCE G\u00d3MEZ CRUZADO \u00b7 TYPES OF TASTINGS<\/p>\n\t\t\t\t\t\t<a href=\"https:\/\/www.gomezcruzado.com\/en\/gomez-cruzado-wine-tourism-fine-rioja-wines-from-el-barrio-de-la-estacion\/\" target=\"_self\" role=\"button\" rel=\"noopener\">\n\t\t\t\t\t\t\t<\/a>\n\t\t\tHISTORIA\n\t\t\t<p> DE RIOJA<\/p>\n<p>MEMORIAS DE RIOJA \u00b7 PRESENTE<\/p>\n\t\t\t\t\t\t<a href=\"http:\/\/www.gomezcruzado.com\/barrio-de-la-estacion-en-haro\/\" target=\"_self\" role=\"button\" rel=\"noopener\">\n\t\t\t\t\t\t\t<\/a>\n\n","protected":false},"excerpt":{"rendered":"<p>GO\u0301MEZ CRUZADO FAMILY The primary collection of wines remains faithful to its heritage of the fine wine style of Haro&#8217;s Barrio de la Estaci\u00f3n, and is defined by its origin and the typicity of cold Rioja: balance, elegance, rich nuances and silkiness. Blanco VENDIMIA SELECCIONADA Crianza Reserva VI\u00d1A DORANA HONORABLE EL PREDILECTO Vi\u00f1a MOT\u00daLLERI Gran&hellip;<\/p>\n","protected":false},"author":1,"featured_media":0,"parent":1422,"menu_order":25,"comment_status":"closed","ping_status":"closed","template":"","meta":{"_acf_changed":false,"footnotes":""},"class_list":["post-1419","page","type-page","status-publish","hentry"],"acf":[],"_links":{"self":[{"href":"https:\/\/www.gomezcruzado.com\/en\/wp-json\/wp\/v2\/pages\/1419","targetHints":{"allow":["GET"]}}],"collection":[{"href":"https:\/\/www.gomezcruzado.com\/en\/wp-json\/wp\/v2\/pages"}],"about":[{"href":"https:\/\/www.gomezcruzado.com\/en\/wp-json\/wp\/v2\/types\/page"}],"author":[{"embeddable":true,"href":"https:\/\/www.gomezcruzado.com\/en\/wp-json\/wp\/v2\/users\/1"}],"replies":[{"embeddable":true,"href":"https:\/\/www.gomezcruzado.com\/en\/wp-json\/wp\/v2\/comments?post=1419"}],"version-history":[{"count":6,"href":"https:\/\/www.gomezcruzado.com\/en\/wp-json\/wp\/v2\/pages\/1419\/revisions"}],"predecessor-version":[{"id":2120,"href":"https:\/\/www.gomezcruzado.com\/en\/wp-json\/wp\/v2\/pages\/1419\/revisions\/2120"}],"up":[{"embeddable":true,"href":"https:\/\/www.gomezcruzado.com\/en\/wp-json\/wp\/v2\/pages\/1422"}],"wp:attachment":[{"href":"https:\/\/www.gomezcruzado.com\/en\/wp-json\/wp\/v2\/media?parent=1419"}],"curies":[{"name":"wp","href":"https:\/\/api.w.org\/{rel}","templated":true}]}}