{"id":1504,"date":"2020-12-12T01:11:24","date_gmt":"2020-12-12T00:11:24","guid":{"rendered":"https:\/\/www.gomezcruzado.com\/gomez-cruzado-family-and-terroir-selection-rioja-fine-wines\/wines-gomez-cruzado-family\/vina-motulleri-gran-reserva-gomez-cruzado-rioja-wine\/"},"modified":"2024-05-24T06:22:06","modified_gmt":"2024-05-24T05:22:06","slug":"vina-motulleri-gran-reserva-gomez-cruzado-rioja-wine","status":"publish","type":"page","link":"https:\/\/www.gomezcruzado.com\/en\/gomez-cruzado-family-and-terroir-selection-rioja-fine-wines\/wines-gomez-cruzado-family\/vina-motulleri-gran-reserva-gomez-cruzado-rioja-wine\/","title":{"rendered":"Vi\u00f1a MOT\u00daLLERI Gran Reserva, G\u00f3mez Cruzado, Rioja wine"},"content":{"rendered":"\n<p>VI\u00d1A MOT\u00daLLERI Gran Reserva takes the name of GOMEZ CRUZADO\u2019s most historic label with a heritage of more than 100 years. After a decade in the making, we have released a limited number of magnum bottles so this exceptional wine can continue to evolve slowly for decades to come.<\/p>\n","protected":false},"excerpt":{"rendered":"<p>VI\u00d1A MOT\u00daLLERI Gran Reserva takes the name of GOMEZ CRUZADO\u2019s most historic label with a heritage of more than 100 years. After a decade in the making, we have released a limited number of magnum bottles so this exceptional wine can continue to evolve slowly for decades to come.<\/p>\n","protected":false},"author":1,"featured_media":1226,"parent":1419,"menu_order":40,"comment_status":"closed","ping_status":"closed","template":"page-templates\/page_ficha_de_catalogo.php","meta":{"_acf_changed":false,"footnotes":""},"class_list":["post-1504","page","type-page","status-publish","has-post-thumbnail","hentry"],"acf":[],"_links":{"self":[{"href":"https:\/\/www.gomezcruzado.com\/en\/wp-json\/wp\/v2\/pages\/1504","targetHints":{"allow":["GET"]}}],"collection":[{"href":"https:\/\/www.gomezcruzado.com\/en\/wp-json\/wp\/v2\/pages"}],"about":[{"href":"https:\/\/www.gomezcruzado.com\/en\/wp-json\/wp\/v2\/types\/page"}],"author":[{"embeddable":true,"href":"https:\/\/www.gomezcruzado.com\/en\/wp-json\/wp\/v2\/users\/1"}],"replies":[{"embeddable":true,"href":"https:\/\/www.gomezcruzado.com\/en\/wp-json\/wp\/v2\/comments?post=1504"}],"version-history":[{"count":5,"href":"https:\/\/www.gomezcruzado.com\/en\/wp-json\/wp\/v2\/pages\/1504\/revisions"}],"predecessor-version":[{"id":2590,"href":"https:\/\/www.gomezcruzado.com\/en\/wp-json\/wp\/v2\/pages\/1504\/revisions\/2590"}],"up":[{"embeddable":true,"href":"https:\/\/www.gomezcruzado.com\/en\/wp-json\/wp\/v2\/pages\/1419"}],"wp:featuredmedia":[{"embeddable":true,"href":"https:\/\/www.gomezcruzado.com\/en\/wp-json\/wp\/v2\/media\/1226"}],"wp:attachment":[{"href":"https:\/\/www.gomezcruzado.com\/en\/wp-json\/wp\/v2\/media?parent=1504"}],"curies":[{"name":"wp","href":"https:\/\/api.w.org\/{rel}","templated":true}]}}